{"id":478,"date":"2022-04-20T13:14:02","date_gmt":"2022-04-20T13:14:02","guid":{"rendered":"https:\/\/kunstgewerbe-leipzig.de\/?page_id=478"},"modified":"2022-05-16T07:34:25","modified_gmt":"2022-05-16T07:34:25","slug":"willkommen","status":"publish","type":"page","link":"https:\/\/kunstgewerbe-leipzig.de\/","title":{"rendered":"Willkommen"},"content":{"rendered":"<h1>Kunsthandwerk Zechendorf &#8211; Gutes mit Tradition seit 1862<\/h1>\n<h3><span style=\"color: #808000;\">Die Firma Zechendorf feiert in diesem Jahr ihr 160 j\u00e4hriges Jubil\u00e4um.<\/span><\/h3>\n<table>\n<tbody>\n<tr>\n<td style=\"width: 70%;\">Hervorgegangen aus alter Korbmachertradition er\u00f6ffnete der Korbmacher Moritz Ludwig Zechendorf am 22.04.1862 direkt am Leipziger Markt Katharinenstra\u00dfe 1 sein Korbwarengesch\u00e4ft. Es war zugleich der Tag seiner Hochzeit mit Caroline Wilhelmine Rudolph.Nach seinem fr\u00fchen Tod 1884 f\u00fchrte sie, die zwischenzeitlich 6 Kindern das Leben geschenkt hatte, das Gesch\u00e4ft weiter.<\/p>\n<p>Zu Ostern des Jahres 1900 \u00fcbernahm einer ihrer S\u00f6hne \u2013 Max Ludwig \u2013 das Gesch\u00e4ft und entwickelte es zu einem der angesehensten und erfolgreichsten in der Leipziger Innenstadt.<\/p>\n<p>Leider war auch ihm kein langes Leben beschieden. Nachdem er sich als Soldat im 1. Weltkrieg eine Herzschw\u00e4che zugezogen hatte verstarb er bereits 1917 mit nur 42 Jahren.<\/p>\n<p>Wieder war es eine Frau \u2013 Auguste Helene Zechendorf \u2013 die das Gesch\u00e4ft weiterf\u00fchrte und es 1920 auf ihr eigenes Grundst\u00fcck in die Reichsstra\u00dfe 29\/31 verlegte. Es entstand das \u201eZechendorfhaus\u201c.<\/p>\n<p>1928 \u00fcbernahm Ludwig Zechendorf, ebenfalls Korbmachermeister wie seine Vorfahren, das Gesch\u00e4ft von seiner Mutter.<\/p>\n<p>1932 wurde das Gesch\u00e4ft in die Petersstra\u00dfe 28 und 1934 in die M\u00e4dlerpassage (Neumarkt 14) verlegt. In dieser Zeit wurde auch das Angebot von Korbwaren um Bast- und Holzprodukte erweitert.<\/p>\n<p>Dabei legte man \u2013 und legt noch heute \u2013 Wert darauf, dass keine Industrieprodukte verkauft werden.<\/p>\n<p>Die wechselvollen Jahre nach dem 2.Weltkrieg \u00fcberstand die Firma Zechendorf durch die unerm\u00fcdliche T\u00e4tigkeit der Nachfahren von Ludwig Zechendorf, die das Unternehmen f\u00fchrten und f\u00fchren.<\/p>\n<p>Heute befindet sich unser Gesch\u00e4ft in der Ratsfreischulstra\u00dfe 2, direkt am Burgplatz.<\/p>\n<p>Neben Standards aus Korb und Rattan sind wir heute Spezialist f\u00fcr erzgebirgische Volkskunst insbesondere der Fa. Wendt und K\u00fchn, Hersteller der einzigartigen \u201eGr\u00fcnhainichener Engel\u201c.<\/p>\n<p>Deshalb lautet unser Slogan: Gutes mit Tradition.<\/p>\n<p>Wir freuen uns auf Ihren Besuch in unserem Gesch\u00e4ft.<\/p>\n<p><strong>Ihre Petra Zechendorf-Fr\u00f6tel<\/strong><\/td>\n<td style=\"text-align: left; vertical-align: top;\"><img loading=\"lazy\" class=\"alignright wp-image-480\" src=\"https:\/\/kunstgewerbe-leipzig.de\/wp-content\/uploads\/2022\/04\/Laden-1987-300x215.jpg\" alt=\"\" width=\"200\" height=\"144\" srcset=\"https:\/\/kunstgewerbe-leipzig.de\/wp-content\/uploads\/2022\/04\/Laden-1987-300x215.jpg 300w, https:\/\/kunstgewerbe-leipzig.de\/wp-content\/uploads\/2022\/04\/Laden-1987.jpg 500w\" sizes=\"(max-width: 200px) 100vw, 200px\" \/><img loading=\"lazy\" class=\"alignright wp-image-481\" src=\"https:\/\/kunstgewerbe-leipzig.de\/wp-content\/uploads\/2022\/04\/Schaufenster-Maedlerpassage2-300x232.jpg\" alt=\"\" width=\"200\" height=\"155\" srcset=\"https:\/\/kunstgewerbe-leipzig.de\/wp-content\/uploads\/2022\/04\/Schaufenster-Maedlerpassage2-300x232.jpg 300w, https:\/\/kunstgewerbe-leipzig.de\/wp-content\/uploads\/2022\/04\/Schaufenster-Maedlerpassage2.jpg 500w\" sizes=\"(max-width: 200px) 100vw, 200px\" \/><img loading=\"lazy\" class=\"alignright wp-image-479\" src=\"https:\/\/kunstgewerbe-leipzig.de\/wp-content\/uploads\/2022\/04\/Eroeffnung-1862-300x269.jpg\" alt=\"\" width=\"200\" height=\"180\" srcset=\"https:\/\/kunstgewerbe-leipzig.de\/wp-content\/uploads\/2022\/04\/Eroeffnung-1862-300x269.jpg 300w, https:\/\/kunstgewerbe-leipzig.de\/wp-content\/uploads\/2022\/04\/Eroeffnung-1862.jpg 500w\" sizes=\"(max-width: 200px) 100vw, 200px\" \/><\/td>\n<\/tr>\n<tr>\n<td><\/td>\n<td><\/td>\n<\/tr>\n<\/tbody>\n<\/table>\n","protected":false},"excerpt":{"rendered":"<p>Kunsthandwerk Zechendorf &#8211; Gutes mit Tradition seit 1862 Die Firma Zechendorf feiert in diesem Jahr ihr 160 j\u00e4hriges Jubil\u00e4um. Hervorgegangen aus alter Korbmachertradition er\u00f6ffnete der Korbmacher Moritz Ludwig Zechendorf am 22.04.1862 direkt am Leipziger Markt Katharinenstra\u00dfe 1 sein Korbwarengesch\u00e4ft. Es war zugleich der Tag seiner Hochzeit mit Caroline Wilhelmine Rudolph.Nach seinem fr\u00fchen Tod 1884 f\u00fchrte [&hellip;]<\/p>\n","protected":false},"author":1,"featured_media":0,"parent":0,"menu_order":0,"comment_status":"closed","ping_status":"closed","template":"","meta":{"_links_to":"","_links_to_target":""},"_links":{"self":[{"href":"https:\/\/kunstgewerbe-leipzig.de\/index.php?rest_route=\/wp\/v2\/pages\/478"}],"collection":[{"href":"https:\/\/kunstgewerbe-leipzig.de\/index.php?rest_route=\/wp\/v2\/pages"}],"about":[{"href":"https:\/\/kunstgewerbe-leipzig.de\/index.php?rest_route=\/wp\/v2\/types\/page"}],"author":[{"embeddable":true,"href":"https:\/\/kunstgewerbe-leipzig.de\/index.php?rest_route=\/wp\/v2\/users\/1"}],"replies":[{"embeddable":true,"href":"https:\/\/kunstgewerbe-leipzig.de\/index.php?rest_route=%2Fwp%2Fv2%2Fcomments&post=478"}],"version-history":[{"count":16,"href":"https:\/\/kunstgewerbe-leipzig.de\/index.php?rest_route=\/wp\/v2\/pages\/478\/revisions"}],"predecessor-version":[{"id":500,"href":"https:\/\/kunstgewerbe-leipzig.de\/index.php?rest_route=\/wp\/v2\/pages\/478\/revisions\/500"}],"wp:attachment":[{"href":"https:\/\/kunstgewerbe-leipzig.de\/index.php?rest_route=%2Fwp%2Fv2%2Fmedia&parent=478"}],"curies":[{"name":"wp","href":"https:\/\/api.w.org\/{rel}","templated":true}]}}