{"id":9,"date":"2018-11-20T15:23:46","date_gmt":"2018-11-20T15:23:46","guid":{"rendered":"http:\/\/kunstgewerbe-leipzig.de\/?page_id=9"},"modified":"2020-12-14T15:00:35","modified_gmt":"2020-12-14T15:00:35","slug":"impressum","status":"publish","type":"page","link":"https:\/\/kunstgewerbe-leipzig.de\/?page_id=9","title":{"rendered":"Impressum"},"content":{"rendered":"<p>Diese Internetpr\u00e4senz unter der Domain http:\/\/kunstgewerbe-leipzig.de wird angeboten von:<\/p>\n<p>Hans Joachim Fr\u00f6tel<\/p>\n<div class=\"impressumlogo\"><\/div>\n<div class=\"impressum\">\n<h3>Gesch\u00e4ft:<\/h3>\n<p>Ratsfreischulstra\u00dfe 2<\/p>\n<\/div>\n<div class=\"impressum\">04109 Leipzig<br \/>\nTelefon: 0341\/1497581<\/div>\n<p>Verantwortlicher im Sinne des Presserechts im Sinne \u00a77a GjS und \u00a78 Abs.4 MDStV ist Hans Joachim Fr\u00f6tel.<\/p>\n<p>Nach \u00a728 Abs.3 Bundesdatenschutzgesetz wird der Nutzung oder \u00dcbermittlung unserer Daten f\u00fcr Werbezwecke oder f\u00fcr die Markt- und Meinungsforschung widersprochen.<\/p>\n<p>Die Europ\u00e4ische Kommission stellt eine Plattform f\u00fcr die au\u00dfergerichtliche Online-Streitbeilegung (OS-Plattform) bereit, aufrufbar unter:<a href=\"http:\/\/ec.europa.eu\/odr\">http:\/\/ec.europa.eu\/odr<\/a> .<\/p>\n<div class=\"copyright\">\n<h3>Copyright:<\/h3>\n<p>Alle Copyright-, Urheber- und anderen Rechte f\u00fcr s\u00e4mtliche Texte, Fotos und Grafiken liegen &#8211; soweit nicht anders vermerkt &#8211; bei Kunstgewerbe Zechendorf. Jegliche Nutzung von Bildern, Grafiken, Texten sowie deren Ver\u00f6ffentlichungen sind nur mit schriftlicher Genehmigung von\u00a0Kunstgewerbe Zechendorf gestattet.<\/p>\n<\/div>\n","protected":false},"excerpt":{"rendered":"<p>Diese Internetpr\u00e4senz unter der Domain http:\/\/kunstgewerbe-leipzig.de wird angeboten von: Hans Joachim Fr\u00f6tel Gesch\u00e4ft: Ratsfreischulstra\u00dfe 2 04109 Leipzig Telefon: 0341\/1497581 Verantwortlicher im Sinne des Presserechts im Sinne \u00a77a GjS und \u00a78 Abs.4 MDStV ist Hans Joachim Fr\u00f6tel. Nach \u00a728 Abs.3 Bundesdatenschutzgesetz wird der Nutzung oder \u00dcbermittlung unserer Daten f\u00fcr Werbezwecke oder f\u00fcr die Markt- und Meinungsforschung [&hellip;]<\/p>\n","protected":false},"author":1,"featured_media":0,"parent":0,"menu_order":4,"comment_status":"closed","ping_status":"closed","template":"","meta":{"_links_to":"","_links_to_target":""},"_links":{"self":[{"href":"https:\/\/kunstgewerbe-leipzig.de\/index.php?rest_route=\/wp\/v2\/pages\/9"}],"collection":[{"href":"https:\/\/kunstgewerbe-leipzig.de\/index.php?rest_route=\/wp\/v2\/pages"}],"about":[{"href":"https:\/\/kunstgewerbe-leipzig.de\/index.php?rest_route=\/wp\/v2\/types\/page"}],"author":[{"embeddable":true,"href":"https:\/\/kunstgewerbe-leipzig.de\/index.php?rest_route=\/wp\/v2\/users\/1"}],"replies":[{"embeddable":true,"href":"https:\/\/kunstgewerbe-leipzig.de\/index.php?rest_route=%2Fwp%2Fv2%2Fcomments&post=9"}],"version-history":[{"count":7,"href":"https:\/\/kunstgewerbe-leipzig.de\/index.php?rest_route=\/wp\/v2\/pages\/9\/revisions"}],"predecessor-version":[{"id":330,"href":"https:\/\/kunstgewerbe-leipzig.de\/index.php?rest_route=\/wp\/v2\/pages\/9\/revisions\/330"}],"wp:attachment":[{"href":"https:\/\/kunstgewerbe-leipzig.de\/index.php?rest_route=%2Fwp%2Fv2%2Fmedia&parent=9"}],"curies":[{"name":"wp","href":"https:\/\/api.w.org\/{rel}","templated":true}]}}